{"id":358,"date":"2017-10-19T12:46:53","date_gmt":"2017-10-19T19:46:53","guid":{"rendered":"https:\/\/www.innovatingplantproducts.com\/?page_id=358"},"modified":"2022-05-26T13:14:44","modified_gmt":"2022-05-26T20:14:44","slug":"feed-charts","status":"publish","type":"page","link":"https:\/\/www.innovatingplantproducts.com\/vi\/feed-charts\/","title":{"rendered":"Feed Charts"},"content":{"rendered":"<div class=\"wpb-content-wrapper\"><p>[vc_row full_height=&#8221;yes&#8221; equal_height=&#8221;yes&#8221; parallax=&#8221;yes&#8221; bg_overlay=&#8221;darker&#8221; css=&#8221;.vc_custom_1634442071597{background-image: url(https:\/\/www.innovatingplantproducts.com\/wp-content\/uploads\/2021\/10\/soil-plant-bg-scaled.jpg?id=2145) !important;}&#8221;][vc_column width=&#8221;1\/6&#8243;][\/vc_column][vc_column width=&#8221;2\/3&#8243;][vc_column_text]<\/p>\r\n<h3>Create your own feed chart with our new interactive <a href=\"https:\/\/calculator.innovatingplantproducts.com\/\">Nutrient Calculator<\/a>!<\/h3>\r\n<p>If you have any questions, please<a href=\"\/contact\/\"> contact us<\/a>.<\/p>\r\n<h4>2 Part Ultimate<\/h4>\r\n\n\t\t<style type=\"text\/css\">\n\t\t\t#gallery-1 {\n\t\t\t\tmargin: auto;\n\t\t\t}\n\t\t\t#gallery-1 .gallery-item {\n\t\t\t\tfloat: left;\n\t\t\t\tmargin-top: 10px;\n\t\t\t\ttext-align: center;\n\t\t\t\twidth: 50%;\n\t\t\t}\n\t\t\t#gallery-1 img {\n\t\t\t\tborder: 2px solid #cfcfcf;\n\t\t\t}\n\t\t\t#gallery-1 .gallery-caption {\n\t\t\t\tmargin-left: 0;\n\t\t\t}\n\t\t\t\/* see gallery_shortcode() in wp-includes\/media.php *\/\n\t\t<\/style>\n\t\t<div id='gallery-1' class='gallery galleryid-358 gallery-columns-2 gallery-size-thumbnail'><dl class='gallery-item'>\n\t\t\t<dt class='gallery-icon landscape'>\n\t\t\t\t<a href='https:\/\/www.innovatingplantproducts.com\/wp-content\/uploads\/2021\/09\/2-Part-Feed-Chart-with-Social-Hydro-1.png'><img decoding=\"async\" width=\"300\" height=\"300\" src=\"https:\/\/www.innovatingplantproducts.com\/wp-content\/uploads\/2021\/09\/2-Part-Feed-Chart-with-Social-Hydro-1-300x300.png\" class=\"attachment-thumbnail size-thumbnail\" alt=\"IPP Feed Chart 2 Part Hydro\" aria-describedby=\"gallery-1-1501\" \/><\/a>\n\t\t\t<\/dt>\n\t\t\t\t<dd class='wp-caption-text gallery-caption' id='gallery-1-1501'>\n\t\t\t\tIPP Feed Chart 2 Part Hydro\n\t\t\t\t<\/dd><\/dl><dl class='gallery-item'>\n\t\t\t<dt class='gallery-icon landscape'>\n\t\t\t\t<a href='https:\/\/www.innovatingplantproducts.com\/wp-content\/uploads\/2021\/09\/2-Part-Feed-Chart-with-Social-Coco.png'><img decoding=\"async\" width=\"300\" height=\"300\" src=\"https:\/\/www.innovatingplantproducts.com\/wp-content\/uploads\/2021\/09\/2-Part-Feed-Chart-with-Social-Coco-300x300.png\" class=\"attachment-thumbnail size-thumbnail\" alt=\"\" aria-describedby=\"gallery-1-1500\" \/><\/a>\n\t\t\t<\/dt>\n\t\t\t\t<dd class='wp-caption-text gallery-caption' id='gallery-1-1500'>\n\t\t\t\tIPP Feed Chart 2 Part Soil\n\t\t\t\t<\/dd><\/dl><br style=\"clear: both\" \/>\n\t\t<\/div>\n\r\n<h4>3 Part H.O.G.<\/h4>\r\n\n\t\t<style type=\"text\/css\">\n\t\t\t#gallery-2 {\n\t\t\t\tmargin: auto;\n\t\t\t}\n\t\t\t#gallery-2 .gallery-item {\n\t\t\t\tfloat: left;\n\t\t\t\tmargin-top: 10px;\n\t\t\t\ttext-align: center;\n\t\t\t\twidth: 50%;\n\t\t\t}\n\t\t\t#gallery-2 img {\n\t\t\t\tborder: 2px solid #cfcfcf;\n\t\t\t}\n\t\t\t#gallery-2 .gallery-caption {\n\t\t\t\tmargin-left: 0;\n\t\t\t}\n\t\t\t\/* see gallery_shortcode() in wp-includes\/media.php *\/\n\t\t<\/style>\n\t\t<div id='gallery-2' class='gallery galleryid-358 gallery-columns-2 gallery-size-thumbnail'><dl class='gallery-item'>\n\t\t\t<dt class='gallery-icon landscape'>\n\t\t\t\t<a href='https:\/\/www.innovatingplantproducts.com\/wp-content\/uploads\/2021\/09\/3-Part-Feed-Chart-with-Social-Hydro_Page_1.png'><img decoding=\"async\" width=\"300\" height=\"300\" src=\"https:\/\/www.innovatingplantproducts.com\/wp-content\/uploads\/2021\/09\/3-Part-Feed-Chart-with-Social-Hydro_Page_1-300x300.png\" class=\"attachment-thumbnail size-thumbnail\" alt=\"\" aria-describedby=\"gallery-2-1503\" \/><\/a>\n\t\t\t<\/dt>\n\t\t\t\t<dd class='wp-caption-text gallery-caption' id='gallery-2-1503'>\n\t\t\t\tIPP Feed Chart 3 Part Hydro\n\t\t\t\t<\/dd><\/dl><dl class='gallery-item'>\n\t\t\t<dt class='gallery-icon landscape'>\n\t\t\t\t<a href='https:\/\/www.innovatingplantproducts.com\/wp-content\/uploads\/2021\/09\/3-Part-Feed-Chart-with-Social-Coco.png'><img decoding=\"async\" width=\"300\" height=\"300\" src=\"https:\/\/www.innovatingplantproducts.com\/wp-content\/uploads\/2021\/09\/3-Part-Feed-Chart-with-Social-Coco-300x300.png\" class=\"attachment-thumbnail size-thumbnail\" alt=\"\" aria-describedby=\"gallery-2-1502\" \/><\/a>\n\t\t\t<\/dt>\n\t\t\t\t<dd class='wp-caption-text gallery-caption' id='gallery-2-1502'>\n\t\t\t\tIPP Feed Chart 3 Part Soil\n\t\t\t\t<\/dd><\/dl><br style=\"clear: both\" \/>\n\t\t<\/div>\n\r\n<p>[\/vc_column_text][vc_column_text el_id=&#8221;guides&#8221; css=&#8221;.vc_custom_1634442425178{padding: 1em !important;background-color: #212529 !important;}&#8221;]<\/p>\r\n<h4 style=\"text-align: left;\"><i class=\"fa fa-download\" aria-hidden=\"true\"><\/i><span style=\"font-family: Font Awesome 5 Free;\">\u00a0Download PDF Feed Charts<\/span> <em>(EN)<\/em><\/h4>\r\n<p style=\"text-align: left;\"><a href=\"\/wp-content\/uploads\/2017\/10\/IPP-Feed-Chart-2-Part-Hydro.pdf\" target=\"_blank\" rel=\"noopener noreferrer\">IPP Ultimate 2 Part Feed Chart &#8211; Hydro<\/a><br \/><a href=\"\/wp-content\/uploads\/2017\/10\/IPP-Feed-Chart-2-Part-Soil.pdf\" target=\"_blank\" rel=\"noopener noreferrer\">IPP Ultimate 2 Part Feed Chart &#8211; Soil &amp; Coco<\/a><br \/><a href=\"\/wp-content\/uploads\/2017\/10\/IPP-Feed-Chart-3-Part-Hydro.pdf\" target=\"_blank\" rel=\"noopener noreferrer\">IPP HOG 3 Part Feed Chart &#8211; Hydro<\/a><br \/><a href=\"\/wp-content\/uploads\/2017\/10\/IPP-Feed-Chart-3-Part-Soil.pdf\" target=\"_blank\" rel=\"noopener noreferrer\">IPP HOG 3 Part Feed Chart &#8211; Soil &amp; Coco<\/a><\/p>\r\n\r\n<div class=\"wp-block-buttons is-layout-flex wp-block-buttons-is-layout-flex\">\r\n<div class=\"wp-block-button\"><a class=\"wp-block-button__link has-medium-gray-background-color has-background\" href=\"\/wp-content\/uploads\/product-guide\/IPP Product Guide 2020.pdf\" target=\"_blank\" rel=\"noopener\">Product Guide<\/a><\/div>\r\n<p><\/p>\r\n<\/div>\r\n\r\n<p>&nbsp;<\/p>\r\n\r\n<div class=\"wp-block-columns is-layout-flex wp-container-core-columns-is-layout-9d6595d7 wp-block-columns-is-layout-flex\">\r\n<div class=\"wp-block-column is-layout-flow wp-block-column-is-layout-flow\">\r\n<h4 class=\"wp-block-heading\"><i class=\"fa fa-download\" aria-hidden=\"true\"><\/i> Chinese <em>(ZH)<\/em><\/h4>\r\n\r\n\r\n\r\n<p style=\"font-size: 15px;\"><a href=\"https:\/\/www.innovatingplantproducts.com\/wp-content\/uploads\/2021\/09\/2-Part-Feed-Chart-Hydro-Chinese.pdf\" target=\"_blank\" rel=\"noreferrer noopener\">IPP Ultimate \u6c34\u57f9\u4f9b\u80a5\u65b9\u6848<\/a><br \/><a href=\"https:\/\/www.innovatingplantproducts.com\/wp-content\/uploads\/2021\/09\/2-Part-Feed-Chart-Soil-Coco-Chinese.pdf\" target=\"_blank\" rel=\"noreferrer noopener\">IPP Ultimate \u571f\u58e4\u548c\u6930\u6d46\u4f9b\u80a5\u65b9\u6848 <\/a><br \/><a href=\"https:\/\/www.innovatingplantproducts.com\/wp-content\/uploads\/2021\/09\/3-Part-Feed-Chart-Hydro-Chinese.pdf\" target=\"_blank\" rel=\"noreferrer noopener\">IPP HOG \u6c34\u57f9\u4f9b\u80a5\u65b9\u6848<\/a><br \/><a href=\"https:\/\/www.innovatingplantproducts.com\/wp-content\/uploads\/2021\/09\/3-Part-Feed-Chart-Soil-Coco-Chinese.pdf\" target=\"_blank\" rel=\"noreferrer noopener\">IPP HOG \u571f\u58e4\u548c\u6930\u6d46\u4f9b\u80a5\u65b9\u6848<\/a><\/p>\r\n\r\n\r\n\r\n<div class=\"wp-block-buttons is-layout-flex wp-block-buttons-is-layout-flex\">\r\n<div class=\"wp-block-button\"><a class=\"wp-block-button__link has-medium-gray-background-color has-background\" href=\"\/wp-content\/uploads\/product-guide\/IPP%20Product%20Guide%202021%20-%20Chinese.pdf\" target=\"_blank\" rel=\"noopener\">\u4ea7\u54c1\u6307\u5357<\/a><\/div>\r\n<p><\/p>\r\n<\/div>\r\n<p><\/p>\r\n<\/div>\r\n\r\n\r\n\r\n<div class=\"wp-block-column is-layout-flow wp-block-column-is-layout-flow\">\r\n<h4 class=\"wp-block-heading\"><i class=\"fa fa-download\" aria-hidden=\"true\"><\/i>\u00a0Vietnamese <em>(VI)<\/em><\/h4>\r\n\r\n\r\n\r\n<p style=\"font-size: 15px;\"><a href=\"https:\/\/www.innovatingplantproducts.com\/wp-content\/uploads\/2021\/09\/2-Part-Feed-Chart-Hydro-Vietnamese.pdf\" target=\"_blank\" rel=\"noreferrer noopener\">IPP Ultimate Ch\u01b0\u01a1ng tr\u00ecnh Ch\u0103m b\u00f3n Th\u1ee7y canh<\/a><br \/><a href=\"https:\/\/www.innovatingplantproducts.com\/wp-content\/uploads\/2021\/09\/2-Part-Feed-Chart-Soil-Coco-Vietnamese.pdf\" target=\"_blank\" rel=\"noreferrer noopener\">IPP Ultimate Ch\u01b0\u01a1ng tr\u00ecnh Ch\u0103m b\u00f3n c\u00e2y tr\u1ed3ng tr\u00ean \u0111\u1ea5t &amp; x\u01a1 d\u1eeba<\/a><br \/><a href=\"\/wp-content\/uploads\/2017\/10\/IPP-Feed-Chart-3-Part-Hydro.pdf\" target=\"_blank\" rel=\"noreferrer noopener\">IPP Ch\u01b0\u01a1ng tr\u00ecnh Ch\u0103m b\u00f3n Th\u1ee7y canh HOG<\/a><br \/><a href=\"https:\/\/www.innovatingplantproducts.com\/wp-content\/uploads\/2021\/09\/3-Part-Feed-Chart-Soil-Coco-Vietnamese.pdf\" target=\"_blank\" rel=\"noreferrer noopener\">IPP Ch\u01b0\u01a1ng tr\u00ecnh Ch\u0103m b\u00f3n c\u00e2y tr\u1ed3ng tr\u00ean \u0111\u1ea5t &amp; x\u01a1 d\u1eeba HOG <\/a><\/p>\r\n\r\n\r\n\r\n<div class=\"wp-block-buttons is-layout-flex wp-block-buttons-is-layout-flex\">\r\n<div class=\"wp-block-button\"><a class=\"wp-block-button__link has-medium-gray-background-color has-background\" href=\"\/wp-content\/uploads\/product-guide\/IPP%20Product%20Guide%202021%20-%20Vietnamese.pdf\" target=\"_blank\" rel=\"noopener\">Gi\u1edbi thi\u1ec7u S\u1ea3n ph\u1ea9m<\/a><\/div>\r\n<p><\/p>\r\n<\/div>\r\n\r\n<p><\/p>\r\n<\/div>\r\n<p><\/p>\r\n<\/div>\r\n\r\n<p>&nbsp;<\/p>\r\n\r\n<p>[\/vc_column_text][\/vc_column][vc_column width=&#8221;1\/6&#8243;][\/vc_column][\/vc_row]<\/p><\/div>","protected":false},"excerpt":{"rendered":"<p>[vc_row full_height=&#8221;yes&#8221; equal_height=&#8221;yes&#8221; parallax=&#8221;yes&#8221; bg_overlay=&#8221;darker&#8221; css=&#8221;.vc_custom_1634442071597{background-image: url(https:\/\/www.innovatingplantproducts.com\/wp-content\/uploads\/2021\/10\/soil-plant-bg-scaled.jpg?id=2145) !important;}&#8221;][vc_column width=&#8221;1\/6&#8243;][\/vc_column][vc_column width=&#8221;2\/3&#8243;][vc_column_text] Create your own feed chart with our new interactive Nutrient Calculator! If you have any questions, please contact us. 2 Part Ultimate 3 Part H.O.G. [\/vc_column_text][vc_column_text el_id=&#8221;guides&#8221; css=&#8221;.vc_custom_1634442425178{padding: 1em !important;background-color: #212529 !important;}&#8221;] \u00a0Download PDF Feed Charts (EN) IPP Ultimate 2 Part Feed Chart &#8211; HydroIPP Ultimate 2 Part Feed Chart &#8211; Soil &amp; CocoIPP HOG 3 Part Feed Chart &#8211; [&hellip;]<\/p>\n","protected":false},"author":2,"featured_media":0,"parent":0,"menu_order":0,"comment_status":"closed","ping_status":"closed","template":"","meta":{"footnotes":""},"class_list":["post-358","page","type-page","status-publish","hentry"],"translation":{"provider":"WPGlobus","version":"3.0.2","language":"vi","enabled_languages":["en","fr","nl","de","es","zh","vi"],"languages":{"en":{"title":true,"content":true,"excerpt":false},"fr":{"title":false,"content":false,"excerpt":false},"nl":{"title":false,"content":false,"excerpt":false},"de":{"title":false,"content":false,"excerpt":false},"es":{"title":false,"content":false,"excerpt":false},"zh":{"title":false,"content":false,"excerpt":false},"vi":{"title":false,"content":false,"excerpt":false}}},"yoast_head":"<!-- This site is optimized with the Yoast SEO plugin v27.1.1 - https:\/\/yoast.com\/product\/yoast-seo-wordpress\/ -->\n<title>Feed Charts - Innovating Plant Products<\/title>\n<meta name=\"robots\" content=\"index, follow, max-snippet:-1, max-image-preview:large, max-video-preview:-1\" \/>\n<link rel=\"canonical\" href=\"https:\/\/www.innovatingplantproducts.com\/feed-charts\/\" \/>\n<meta property=\"og:locale\" content=\"vi_VN\" \/>\n<meta property=\"og:type\" content=\"article\" \/>\n<meta property=\"og:title\" content=\"Feed Charts - Innovating Plant Products\" \/>\n<meta property=\"og:url\" content=\"https:\/\/www.innovatingplantproducts.com\/feed-charts\/\" \/>\n<meta property=\"og:site_name\" content=\"Innovating Plant Products\" \/>\n<meta property=\"article:publisher\" content=\"https:\/\/www.facebook.com\/innovatingplantproducts\/\" \/>\n<meta property=\"article:modified_time\" content=\"2022-05-26T20:14:44+00:00\" \/>\n<meta property=\"og:image\" content=\"https:\/\/www.innovatingplantproducts.com\/wp-content\/uploads\/2020\/07\/Good-north-america-logo-THUMBNAIL.png\" \/>\n\t<meta property=\"og:image:width\" content=\"200\" \/>\n\t<meta property=\"og:image:height\" content=\"200\" \/>\n\t<meta property=\"og:image:type\" content=\"image\/png\" \/>\n<meta name=\"twitter:card\" content=\"summary_large_image\" \/>\n<meta name=\"twitter:label1\" content=\"Est. reading time\" \/>\n\t<meta name=\"twitter:data1\" content=\"1 minute\" \/>\n<script type=\"application\/ld+json\" class=\"yoast-schema-graph\">{\"@context\":\"https:\/\/schema.org\",\"@graph\":[{\"@type\":\"WebPage\",\"@id\":\"https:\/\/www.innovatingplantproducts.com\/feed-charts\/\",\"url\":\"https:\/\/www.innovatingplantproducts.com\/feed-charts\/\",\"name\":\"Feed Charts - Innovating Plant Products\",\"isPartOf\":{\"@id\":\"https:\/\/www.innovatingplantproducts.com\/#website\"},\"datePublished\":\"2017-10-19T19:46:53+00:00\",\"dateModified\":\"2022-05-26T20:14:44+00:00\",\"description\":\"Our feed charts are carefully designed and tested to give you the best possible results regardless of growing medium.\",\"breadcrumb\":{\"@id\":\"https:\/\/www.innovatingplantproducts.com\/feed-charts\/#breadcrumb\"},\"inLanguage\":\"vi\",\"potentialAction\":[{\"@type\":\"ReadAction\",\"target\":[\"https:\/\/www.innovatingplantproducts.com\/feed-charts\/\"]}]},{\"@type\":\"BreadcrumbList\",\"@id\":\"https:\/\/www.innovatingplantproducts.com\/feed-charts\/#breadcrumb\",\"itemListElement\":[{\"@type\":\"ListItem\",\"position\":1,\"name\":\"Home\",\"item\":\"https:\/\/www.innovatingplantproducts.com\/\"},{\"@type\":\"ListItem\",\"position\":2,\"name\":\"Feed Charts\"}]},{\"@type\":\"WebSite\",\"@id\":\"https:\/\/www.innovatingplantproducts.com\/#website\",\"url\":\"https:\/\/www.innovatingplantproducts.com\/\",\"name\":\"Innovating Plant Products\",\"description\":\"From the Roots Up\",\"publisher\":{\"@id\":\"https:\/\/www.innovatingplantproducts.com\/#organization\"},\"potentialAction\":[{\"@type\":\"SearchAction\",\"target\":{\"@type\":\"EntryPoint\",\"urlTemplate\":\"https:\/\/www.innovatingplantproducts.com\/?s={search_term_string}\"},\"query-input\":{\"@type\":\"PropertyValueSpecification\",\"valueRequired\":true,\"valueName\":\"search_term_string\"}}],\"inLanguage\":\"vi\"},{\"@type\":\"Organization\",\"@id\":\"https:\/\/www.innovatingplantproducts.com\/#organization\",\"name\":\"Innovating Plant Products\",\"url\":\"https:\/\/www.innovatingplantproducts.com\/\",\"logo\":{\"@type\":\"ImageObject\",\"inLanguage\":\"vi\",\"@id\":\"https:\/\/www.innovatingplantproducts.com\/#\/schema\/logo\/image\/\",\"url\":\"https:\/\/www.innovatingplantproducts.com\/wp-content\/uploads\/2020\/07\/Good-north-america-logo-THUMBNAIL.png\",\"contentUrl\":\"https:\/\/www.innovatingplantproducts.com\/wp-content\/uploads\/2020\/07\/Good-north-america-logo-THUMBNAIL.png\",\"width\":200,\"height\":200,\"caption\":\"Innovating Plant Products\"},\"image\":{\"@id\":\"https:\/\/www.innovatingplantproducts.com\/#\/schema\/logo\/image\/\"},\"sameAs\":[\"https:\/\/www.facebook.com\/innovatingplantproducts\/\",\"https:\/\/www.instagram.com\/innovatingplantproducts\/\"]}]}<\/script>\n<!-- \/ Yoast SEO plugin. -->","yoast_head_json":{"title":"Feed Charts - Innovating Plant Products","robots":{"index":"index","follow":"follow","max-snippet":"max-snippet:-1","max-image-preview":"max-image-preview:large","max-video-preview":"max-video-preview:-1"},"canonical":"https:\/\/www.innovatingplantproducts.com\/feed-charts\/","og_locale":"vi_VN","og_type":"article","og_title":"Feed Charts - Innovating Plant Products","og_url":"https:\/\/www.innovatingplantproducts.com\/feed-charts\/","og_site_name":"Innovating Plant Products","article_publisher":"https:\/\/www.facebook.com\/innovatingplantproducts\/","article_modified_time":"2022-05-26T20:14:44+00:00","og_image":[{"width":200,"height":200,"url":"https:\/\/www.innovatingplantproducts.com\/wp-content\/uploads\/2020\/07\/Good-north-america-logo-THUMBNAIL.png","type":"image\/png"}],"twitter_card":"summary_large_image","twitter_misc":{"Est. reading time":"1 minute"},"schema":{"@context":"https:\/\/schema.org","@graph":[{"@type":"WebPage","@id":"https:\/\/www.innovatingplantproducts.com\/feed-charts\/","url":"https:\/\/www.innovatingplantproducts.com\/feed-charts\/","name":"Feed Charts - Innovating Plant Products","isPartOf":{"@id":"https:\/\/www.innovatingplantproducts.com\/#website"},"datePublished":"2017-10-19T19:46:53+00:00","dateModified":"2022-05-26T20:14:44+00:00","description":"Our feed charts are carefully designed and tested to give you the best possible results regardless of growing medium.","breadcrumb":{"@id":"https:\/\/www.innovatingplantproducts.com\/feed-charts\/#breadcrumb"},"inLanguage":"vi","potentialAction":[{"@type":"ReadAction","target":["https:\/\/www.innovatingplantproducts.com\/feed-charts\/"]}]},{"@type":"BreadcrumbList","@id":"https:\/\/www.innovatingplantproducts.com\/feed-charts\/#breadcrumb","itemListElement":[{"@type":"ListItem","position":1,"name":"Home","item":"https:\/\/www.innovatingplantproducts.com\/"},{"@type":"ListItem","position":2,"name":"Feed Charts"}]},{"@type":"WebSite","@id":"https:\/\/www.innovatingplantproducts.com\/#website","url":"https:\/\/www.innovatingplantproducts.com\/","name":"Innovating Plant Products","description":"From the Roots Up","publisher":{"@id":"https:\/\/www.innovatingplantproducts.com\/#organization"},"potentialAction":[{"@type":"SearchAction","target":{"@type":"EntryPoint","urlTemplate":"https:\/\/www.innovatingplantproducts.com\/?s={search_term_string}"},"query-input":{"@type":"PropertyValueSpecification","valueRequired":true,"valueName":"search_term_string"}}],"inLanguage":"vi"},{"@type":"Organization","@id":"https:\/\/www.innovatingplantproducts.com\/#organization","name":"Innovating Plant Products","url":"https:\/\/www.innovatingplantproducts.com\/","logo":{"@type":"ImageObject","inLanguage":"vi","@id":"https:\/\/www.innovatingplantproducts.com\/#\/schema\/logo\/image\/","url":"https:\/\/www.innovatingplantproducts.com\/wp-content\/uploads\/2020\/07\/Good-north-america-logo-THUMBNAIL.png","contentUrl":"https:\/\/www.innovatingplantproducts.com\/wp-content\/uploads\/2020\/07\/Good-north-america-logo-THUMBNAIL.png","width":200,"height":200,"caption":"Innovating Plant Products"},"image":{"@id":"https:\/\/www.innovatingplantproducts.com\/#\/schema\/logo\/image\/"},"sameAs":["https:\/\/www.facebook.com\/innovatingplantproducts\/","https:\/\/www.instagram.com\/innovatingplantproducts\/"]}]}},"_links":{"self":[{"href":"https:\/\/www.innovatingplantproducts.com\/vi\/wp-json\/wp\/v2\/pages\/358","targetHints":{"allow":["GET"]}}],"collection":[{"href":"https:\/\/www.innovatingplantproducts.com\/vi\/wp-json\/wp\/v2\/pages"}],"about":[{"href":"https:\/\/www.innovatingplantproducts.com\/vi\/wp-json\/wp\/v2\/types\/page"}],"author":[{"embeddable":true,"href":"https:\/\/www.innovatingplantproducts.com\/vi\/wp-json\/wp\/v2\/users\/2"}],"replies":[{"embeddable":true,"href":"https:\/\/www.innovatingplantproducts.com\/vi\/wp-json\/wp\/v2\/comments?post=358"}],"version-history":[{"count":42,"href":"https:\/\/www.innovatingplantproducts.com\/vi\/wp-json\/wp\/v2\/pages\/358\/revisions"}],"predecessor-version":[{"id":2485,"href":"https:\/\/www.innovatingplantproducts.com\/vi\/wp-json\/wp\/v2\/pages\/358\/revisions\/2485"}],"wp:attachment":[{"href":"https:\/\/www.innovatingplantproducts.com\/vi\/wp-json\/wp\/v2\/media?parent=358"}],"curies":[{"name":"wp","href":"https:\/\/api.w.org\/{rel}","templated":true}]}}